{"id":205,"date":"2024-12-11T17:55:44","date_gmt":"2024-12-11T17:55:44","guid":{"rendered":"https:\/\/carreira.aovivosempre.com\/?page_id=205"},"modified":"2025-06-12T15:40:09","modified_gmt":"2025-06-12T15:40:09","slug":"terms","status":"publish","type":"page","link":"https:\/\/carreira.aovivosempre.com\/es\/terms\/","title":{"rendered":"Condiciones de uso"},"content":{"rendered":"<div class=\"mx-5 sm:mx-0 prose leading-relaxed text-lg mb-5 text-left wp-paragraph\">\n<p><strong>Vive tu carrera siempre<\/strong> se enorgullece de ser propietario del sitio web especializado en orientaci\u00f3n sobre cursos, carreras y empleos, accesible a trav\u00e9s de la direcci\u00f3n<a style=\" color:;\" href=\"https:\/\/carreira.aovivosempre.com\/es\/\"> https:\/\/carreira.aovivosempre.com\/<\/a>. Nuestra plataforma es reconocida como una fuente confiable de informaci\u00f3n en el mundo profesional.<\/p>\n<\/div><div class=\"mx-5 sm:mx-0 prose leading-relaxed text-lg mb-5 text-left wp-paragraph\">\n<p>El equipo de <strong>Vive tu carrera siempre<\/strong> se dedica a administrar este espacio en l\u00ednea, dise\u00f1ado con cuidado para servir como un recurso integral y accesible para todos los usuarios que acepten adherirse a nuestras pautas y reglas establecidas. Al utilizar los t\u00e9rminos \u201cnosotros\u201d, \u201cnos\u201d y \u201cnuestro\u201d en este documento, nos referimos a la empresa. <strong>Vive tu carrera siempre<\/strong> y su equipo.<\/p>\n<\/div><div class=\"mx-5 sm:mx-0 prose leading-relaxed text-lg mb-5 text-left wp-paragraph\">\n<p>Al navegar por nuestro sitio web, usted tendr\u00e1 acceso a una amplia gama de \u201cServicios\u201d cuidadosamente desarrollados para satisfacer sus necesidades de orientaci\u00f3n profesional y tecnol\u00f3gica.<\/p>\n<\/div><div class=\"mx-5 sm:mx-0 prose leading-relaxed text-lg mb-5 text-left wp-paragraph\">\n<p>Como centro de conocimiento profesional, el <strong>Vive tu carrera siempre<\/strong> tiene un compromiso inquebrantable de proporcionar an\u00e1lisis en profundidad y contenido de alta calidad sobre una variedad de temas. Nuestro sitio web proporciona informaci\u00f3n valiosa sobre productos tecnol\u00f3gicos, incluida orientaci\u00f3n pr\u00e1ctica sobre carreras, trabajos y cursos. Todo el contenido se desarrolla cuidadosamente para atender a una audiencia diversa, que abarca tanto a usuarios locales como a entusiastas de la tecnolog\u00eda de todo el mundo.<\/p>\n<\/div><div class=\"mx-5 sm:mx-0 prose leading-relaxed text-lg mb-5 text-left wp-paragraph\">\n<p>La privacidad de nuestros usuarios es una prioridad para <strong>Vive tu carrera siempre<\/strong>. Seguimos estrictamente los est\u00e1ndares descritos en nuestro<a style=\" color:;\" href=\"https:\/\/carreira.aovivosempre.com\/es\/privacy\/\"> pol\u00edtica de privacidad<\/a>, que regula el uso de nuestro sitio web y protege la informaci\u00f3n personal de los visitantes. Este documento, de acuerdo con la legislaci\u00f3n vigente, garantiza que su privacidad es respetada y preservada al utilizar nuestros servicios.<\/p>\n<\/div><div class=\"mx-5 sm:mx-0 prose leading-relaxed text-lg mb-5 text-left wp-paragraph\">\n<p>T\u00fa <strong>T\u00e9rminos y condiciones de uso<\/strong> de <strong>Vive tu carrera siempre<\/strong> Se han desarrollado cuidadosamente para establecer las responsabilidades y expectativas de los usuarios que interact\u00faan con nuestra plataforma. Se pueden encontrar detalles adicionales sobre estos t\u00e9rminos en otras secciones del sitio web.<\/p>\n<\/div><div class=\"mx-5 sm:mx-0 prose leading-relaxed text-lg mb-5 text-left wp-paragraph\">\n<p><strong>ES IMPRESCINDIBLE QUE LEAS ATENTAMENTE NUESTROS T\u00c9RMINOS DE USO.<\/strong> Si encuentra alg\u00fan t\u00e9rmino que considere inaceptable, le recomendamos que no utilice los servicios ofrecidos por <strong>Vive tu carrera siempre<\/strong>.<\/p>\n<\/div><!--advertisement--><div class=\"mx-5 sm:mx-0 sm:text-3xl text-2xl font-medium title-font mb-4 text-gray-900 text-left\">\n<h2 class=\"wp-block-heading\"><strong>Art\u00edculo I \u2013 Cumplimiento del usuario<\/strong><\/h2>\n<\/div><div class=\"mx-5 sm:mx-0 prose leading-relaxed text-lg mb-5 text-left wp-paragraph\">\n<p><strong>1.1.<\/strong> Al acceder a la plataforma <strong>Vive tu carrera siempre<\/strong>, los usuarios reconocen y aceptan adherirse a nuestras <strong>T\u00e9rminos y condiciones de uso<\/strong> y a los nuestros <strong>pol\u00edtica de privacidad<\/strong>.<\/p>\n<\/div><div class=\"mx-5 sm:mx-0 prose leading-relaxed text-lg mb-5 text-left wp-paragraph\">\n<p><strong>1.2.<\/strong> La interacci\u00f3n con el <strong>Vive tu carrera siempre<\/strong> asume que los usuarios tienen capacidad legal para celebrar contratos vinculantes, confirman que son mayores de 18 a\u00f1os y aceptan plenamente los T\u00e9rminos y Condiciones de Uso establecidos.<\/p>\n<\/div><div class=\"mx-5 sm:mx-0 prose leading-relaxed text-lg mb-5 text-left wp-paragraph\">\n<p><strong>1.3.<\/strong> Si las personas no cumplen con los requisitos anteriores o no est\u00e1n de acuerdo, total o parcialmente, con estos t\u00e9rminos, les recomendamos que no utilicen los servicios y recursos proporcionados por <strong>Vive tu carrera siempre<\/strong>, incluidos aquellos disponibles en nuestro sitio web.<\/p>\n<\/div><!--advertisement--><div class=\"mx-5 sm:mx-0 sm:text-3xl text-2xl font-medium title-font mb-4 text-gray-900 text-left\">\n<h2 class=\"wp-block-heading\"><strong>Art\u00edculo II \u2013 Correspondencia<\/strong><\/h2>\n<\/div><div class=\"mx-5 sm:mx-0 prose leading-relaxed text-lg mb-5 text-left wp-paragraph\">\n<p><strong>2.1.<\/strong> EL <strong>Vive tu carrera siempre<\/strong> cuenta con canales de comunicaci\u00f3n dedicados para atender consultas de los usuarios, solucionar problemas, gestionar quejas y recoger feedback sobre la amplia gama de productos y servicios que ofrecemos.<\/p>\n<\/div><div class=\"mx-5 sm:mx-0 prose leading-relaxed text-lg mb-5 text-left wp-paragraph\">\n<p><strong>2.2.<\/strong> Se anima a los usuarios que deseen ponerse en contacto con nosotros u obtener alguna aclaraci\u00f3n a que utilicen el formulario de contacto disponible en<a style=\" color:;\" href=\"https:\/\/carreira.aovivosempre.com\/es\/contact\/\"> https:\/\/carreira.aovivosempre.com\/contact\/<\/a>.<\/p>\n<\/div><!--advertisement--><div class=\"mx-5 sm:mx-0 sm:text-3xl text-2xl font-medium title-font mb-4 text-gray-900 text-left\">\n<h2 class=\"wp-block-heading\"><strong>Art\u00edculo III \u2013 Responsabilidades de las Partes<\/strong><\/h2>\n<\/div><div class=\"mx-5 sm:mx-0 prose leading-relaxed text-lg mb-5 text-left wp-paragraph\">\n<p><strong>3.1.<\/strong> Los usuarios que utilicen los servicios o productos ofrecidos por <strong>Vive tu carrera siempre<\/strong> Debe comprender y aceptar completamente los t\u00e9rminos descritos en estos <strong>T\u00e9rminos y condiciones de uso<\/strong> y en nuestro <strong>pol\u00edtica de privacidad<\/strong>.<\/p>\n<\/div><div class=\"mx-5 sm:mx-0 prose leading-relaxed text-lg mb-5 text-left wp-paragraph\">\n<p><strong>3.2.<\/strong> La plataforma digital de <strong>Vive tu carrera siempre<\/strong> puede contener enlaces a sitios web externos que ofrecen servicios o productos. Sin embargo, la <strong>Vive tu carrera siempre<\/strong> no participa directamente en estas transacciones externas.<\/p>\n<\/div><div class=\"mx-5 sm:mx-0 prose leading-relaxed text-lg mb-5 text-left wp-paragraph\">\n<p><strong>3.3.<\/strong> Al acceder a sitios web de terceros, es responsabilidad exclusiva del usuario revisar sus t\u00e9rminos de uso y pol\u00edticas de privacidad aplicables.<\/p>\n<\/div><div class=\"mx-5 sm:mx-0 prose leading-relaxed text-lg mb-5 text-left wp-paragraph\">\n<p><strong>3.4.<\/strong> EL <strong>Vive tu carrera siempre<\/strong> no es responsable de los t\u00e9rminos, pol\u00edticas de privacidad, contenido o servicios de terceros anunciados o vinculados en nuestra plataforma.<\/p>\n<\/div><div class=\"mx-5 sm:mx-0 prose leading-relaxed text-lg mb-5 text-left wp-paragraph\">\n<p><strong>3.5.<\/strong> EL <strong>Vive tu carrera siempre<\/strong> no asume ninguna responsabilidad por da\u00f1os causados por virus, malware u otras amenazas cibern\u00e9ticas transmitidas a trav\u00e9s de Internet. Depende de los usuarios adoptar medidas eficaces de ciberseguridad y protecci\u00f3n antivirus.<\/p>\n<\/div><div class=\"mx-5 sm:mx-0 prose leading-relaxed text-lg mb-5 text-left wp-paragraph\">\n<p><strong>3.6.<\/strong> EL <strong>Vive tu carrera siempre<\/strong> no ser\u00e1 responsable de ninguna p\u00e9rdida o da\u00f1o resultante del mal uso del sitio web o de eventos fuera de nuestro control.<\/p>\n<\/div><div class=\"mx-5 sm:mx-0 prose leading-relaxed text-lg mb-5 text-left wp-paragraph\">\n<p><strong>3.7.<\/strong> No requerimos ning\u00fan tipo de dep\u00f3sito o compromiso financiero como condici\u00f3n para acceder o respaldar ofertas financieras.<\/p>\n<\/div><div class=\"mx-5 sm:mx-0 prose leading-relaxed text-lg mb-5 text-left wp-paragraph\">\n<p><strong>3.8.<\/strong> Recomendamos a los usuarios tener cuidado con los correos electr\u00f3nicos que solicitan informaci\u00f3n personal o contienen archivos adjuntos. Cualquier correspondencia sospechosa debe informarse a trav\u00e9s de nuestro formulario de contacto, disponible en<a style=\" color:;\" href=\"https:\/\/carreira.aovivosempre.com\/es\/contact\/\"> https:\/\/carreira.aovivosempre.com\/contact\/<\/a>.<\/p>\n<\/div><!--advertisement--><div class=\"mx-5 sm:mx-0 sm:text-3xl text-2xl font-medium title-font mb-4 text-gray-900 text-left\">\n<h2 class=\"wp-block-heading\"><strong>Art\u00edculo IV \u2013 Acciones Inadmisibles<\/strong><\/h2>\n<\/div><div class=\"mx-5 sm:mx-0 prose leading-relaxed text-lg mb-5 text-left wp-paragraph\">\n<p>Nodo <strong>Vive tu carrera siempre<\/strong>No toleramos las siguientes pr\u00e1cticas que violan los est\u00e1ndares de uso del sitio:<\/p>\n<\/div><div class=\"mx-5 sm:mx-0 prose text-left mb-5\">\n<ul><div class=\"mx-5 sm:mx-0 prose text-left mb-5\">\n<li>Participar o fomentar actividades ilegales de cualquier naturaleza;<\/li>\n<\/div>\n\n<div class=\"mx-5 sm:mx-0 prose text-left mb-5\">\n<li>Ignorar las leyes, reglamentos o normas aplicables;<\/li>\n<\/div>\n\n<div class=\"mx-5 sm:mx-0 prose text-left mb-5\">\n<li>Usurpar o violar los derechos de autor, marca registrada u otros derechos de propiedad intelectual de terceros;<\/li>\n<\/div>\n\n<div class=\"mx-5 sm:mx-0 prose text-left mb-5\">\n<li>Adoptar conductas que promuevan el acoso, la discriminaci\u00f3n, la intimidaci\u00f3n, la difamaci\u00f3n o cualquier forma de prejuicio basado en caracter\u00edsticas personales;<\/li>\n<\/div>\n\n<div class=\"mx-5 sm:mx-0 prose text-left mb-5\">\n<li>Difundir informaci\u00f3n incorrecta, enga\u00f1osa o fraudulenta;<\/li>\n<\/div>\n\n<div class=\"mx-5 sm:mx-0 prose text-left mb-5\">\n<li>Introducir virus, malware o cualquier tipo de software da\u00f1ino en la plataforma;<\/li>\n<\/div>\n\n<div class=\"mx-5 sm:mx-0 prose text-left mb-5\">\n<li>Obtener o intentar obtener datos personales de manera no autorizada;<\/li>\n<\/div>\n\n<div class=\"mx-5 sm:mx-0 prose text-left mb-5\">\n<li>Realizar pr\u00e1cticas fraudulentas como spam, phishing u otros m\u00e9todos enga\u00f1osos;<\/li>\n<\/div>\n\n<div class=\"mx-5 sm:mx-0 prose text-left mb-5\">\n<li>Publicar contenido que sea inapropiado, expl\u00edcito o que viole los est\u00e1ndares \u00e9ticos;<\/li>\n<\/div>\n\n<div class=\"mx-5 sm:mx-0 prose text-left mb-5\">\n<li>Intentar eludir o comprometer los sistemas de seguridad de la plataforma de cualquier manera.<\/li>\n<\/div><\/ul>\n<\/div><div class=\"mx-5 sm:mx-0 prose leading-relaxed text-lg mb-5 text-left wp-paragraph\">\n<p>El incumplimiento de estas pautas podr\u00e1 dar lugar a la suspensi\u00f3n temporal o permanente del acceso al sitio web y a los servicios. <strong>Vive tu carrera siempre<\/strong>, adem\u00e1s de otras medidas aplicables.<\/p>\n<\/div><!--advertisement--><div class=\"mx-5 sm:mx-0 sm:text-3xl text-2xl font-medium title-font mb-4 text-gray-900 text-left\">\n<h2 class=\"wp-block-heading\"><strong>Art\u00edculo V \u2013 Exclusiones de garant\u00eda y responsabilidad<\/strong><\/h2>\n<\/div><div class=\"mx-5 sm:mx-0 prose leading-relaxed text-lg mb-5 text-left wp-paragraph\">\n<p>Aunque el <strong>Vive tu carrera siempre<\/strong> Nos esforzamos por brindar servicios de alta calidad, pero no garantizamos que nuestros servicios sean ininterrumpidos, seguros o libres de errores. Asimismo, no garantizamos la exactitud o confiabilidad de los resultados obtenidos a trav\u00e9s del uso de nuestros servicios. Nos reservamos el derecho de terminar o discontinuar cualquier servicio en cualquier momento sin previo aviso.<\/p>\n<\/div><div class=\"mx-5 sm:mx-0 prose leading-relaxed text-lg mb-5 text-left wp-paragraph\">\n<p>Cuando usted elige utilizar nuestros servicios, lo hace bajo su propio riesgo. Todos los servicios y productos se proporcionan \u201ctal cual\u201d, sin garant\u00edas expresas o impl\u00edcitas. Esto incluye, pero no se limita a, garant\u00edas de comerciabilidad, idoneidad para un prop\u00f3sito particular, durabilidad, cumplimiento legal o no infracci\u00f3n de derechos de propiedad intelectual.<\/p>\n<\/div><div class=\"mx-5 sm:mx-0 prose leading-relaxed text-lg mb-5 text-left wp-paragraph\">\n<p>Ni el <strong>Vive tu carrera siempre<\/strong>, ni sus empleados, afiliados, agentes, contratistas, proveedores de servicios o licenciantes ser\u00e1n responsables de ninguna p\u00e9rdida o da\u00f1o directo, indirecto, incidental, punitivo, especial o consecuente. Esto incluye, pero no se limita a, p\u00e9rdida de ganancias, ingresos, ahorros, datos o costos de reemplazo de datos, resultantes del uso de nuestros servicios o productos. Esta limitaci\u00f3n se aplica a cualquier reclamaci\u00f3n relacionada con inexactitudes en el contenido o cualquier otro da\u00f1o causado por el uso de los servicios o productos proporcionados.<\/p>\n<\/div><!--advertisement--><div class=\"mx-5 sm:mx-0 sm:text-3xl text-2xl font-medium title-font mb-4 text-gray-900 text-left\">\n<h2 class=\"wp-block-heading\"><strong>Art\u00edculo VI \u2013 Duraci\u00f3n y vigencia de la ley<\/strong><\/h2>\n<\/div><div class=\"mx-5 sm:mx-0 prose leading-relaxed text-lg mb-5 text-left wp-paragraph\">\n<p>Las disposiciones establecidas en el <strong>T\u00e9rminos y condiciones de uso<\/strong> de <strong>Vive tu carrera siempre<\/strong> permanecer\u00e1 en vigor indefinidamente. Si es necesaria una acci\u00f3n legal o regulatoria en relaci\u00f3n con su uso del Sitio o nuestro <strong>pol\u00edtica de privacidad<\/strong>, \u00e9stas deber\u00e1n iniciarse en un plazo m\u00e1ximo de 90 d\u00edas contados a partir del hecho que dio lugar a la denuncia.<\/p>\n<\/div><!--advertisement--><div class=\"mx-5 sm:mx-0 sm:text-3xl text-2xl font-medium title-font mb-4 text-gray-900 text-left\">\n<h2 class=\"wp-block-heading\"><strong>Art\u00edculo VII \u2013 Ley aplicable y jurisdicci\u00f3n<\/strong><\/h2>\n<\/div><div class=\"mx-5 sm:mx-0 prose leading-relaxed text-lg mb-5 text-left wp-paragraph\">\n<p>T\u00fa <strong>T\u00e9rminos y condiciones de uso<\/strong> y el <strong>pol\u00edtica de privacidad<\/strong> de <strong>Vive tu carrera siempre<\/strong> se interpretar\u00e1n y regir\u00e1n por las leyes federales vigentes en el pa\u00eds, incluidas las normas de <strong>C\u00f3digo civil<\/strong> y legislaci\u00f3n espec\u00edfica sobre derechos de los consumidores y protecci\u00f3n de datos personales.<\/p>\n<\/div><!--advertisement--><div class=\"mx-5 sm:mx-0 sm:text-3xl text-2xl font-medium title-font mb-4 text-gray-900 text-left\">\n<h2 class=\"wp-block-heading\"><strong>Art\u00edculo VIII \u2013 Propiedad intelectual y contenidos<\/strong><\/h2>\n<\/div><div class=\"mx-5 sm:mx-0 prose leading-relaxed text-lg mb-5 text-left wp-paragraph\">\n<p><strong>8.1. Derechos sobre el contenido<\/strong><strong><br><\/strong>Todo el contenido que se muestra en el sitio web <strong>Vive tu carrera siempre<\/strong>, ya sea propiedad directa de la empresa o de sus filiales, est\u00e1 protegida por derechos de autor y otras leyes de propiedad intelectual. El uso no autorizado de este material, incluyendo pero no limitado a, reproducci\u00f3n, modificaci\u00f3n, distribuci\u00f3n, publicaci\u00f3n, exhibici\u00f3n, transmisi\u00f3n o creaci\u00f3n de trabajos derivados, est\u00e1 estrictamente prohibido, excepto con autorizaci\u00f3n previa y expresa de los leg\u00edtimos titulares de los derechos.<\/p>\n<\/div><div class=\"mx-5 sm:mx-0 prose leading-relaxed text-lg mb-5 text-left wp-paragraph\">\n<p><strong>8.2. Limitaci\u00f3n de responsabilidad<\/strong><strong><br><\/strong>EL <strong>Vive tu carrera siempre<\/strong> no es responsable del contenido generado por terceros, como comentarios de usuarios, participaci\u00f3n en foros o publicaciones en redes sociales vinculadas a la plataforma. Adem\u00e1s, la empresa no se hace responsable de ning\u00fan da\u00f1o o p\u00e9rdida, directa o indirecta, resultante del uso del sitio web.<\/p>\n<\/div><div class=\"mx-5 sm:mx-0 prose leading-relaxed text-lg mb-5 text-left wp-paragraph\">\n<p><strong>8.3. Gesti\u00f3n de infracciones de contenido<\/strong><strong><br><\/strong>EL <strong>Vive tu carrera siempre<\/strong> se reserva el derecho de eliminar cualquier contenido que viole estos T\u00e9rminos de uso, incluido material que sea ilegal, ofensivo, difamatorio o que infrinja los derechos de propiedad intelectual de terceros. Tambi\u00e9n nos reservamos el derecho de suspender o deshabilitar las cuentas de usuarios que violen estos t\u00e9rminos.<\/p>\n<\/div><!--advertisement--><div class=\"mx-5 sm:mx-0 sm:text-3xl text-2xl font-medium title-font mb-4 text-gray-900 text-left\">\n<h2 class=\"wp-block-heading\"><strong>Art\u00edculo IX \u2013 Modificaciones a los T\u00e9rminos y Condiciones<\/strong><\/h2>\n<\/div><div class=\"mx-5 sm:mx-0 prose leading-relaxed text-lg mb-5 text-left wp-paragraph\">\n<p>EL <strong>Vive tu carrera siempre<\/strong> se reserva el derecho de cambiar, suspender o discontinuar cualquier aspecto de sus servicios en cualquier momento, a su entera discreci\u00f3n, sin obligaci\u00f3n de proporcionar aviso previo o posterior. No asumimos ninguna responsabilidad por cambios, interrupciones o terminaci\u00f3n de nuestros servicios.<\/p>\n<\/div><div class=\"mx-5 sm:mx-0 prose leading-relaxed text-lg mb-5 text-left wp-paragraph\">\n<p>A los usuarios que no est\u00e9n de acuerdo con estos t\u00e9rminos se les recomienda no utilizar el sitio web. <strong>Vive tu carrera siempre<\/strong>.<\/p>\n<\/div><div class=\"mx-5 sm:mx-0 prose leading-relaxed text-lg mb-5 text-left wp-paragraph\">\n<p>Si tiene alguna pregunta, comentario o sugerencia sobre nuestros servicios, por favor p\u00f3ngase en contacto con nosotros mediante el formulario disponible en<a style=\" color:;\" href=\"https:\/\/carreira.aovivosempre.com\/es\/contact\/\"> https:\/\/carreira.aovivosempre.com\/contact\/<\/a>.<\/p>\n<\/div>","protected":false},"excerpt":{"rendered":"<p>Carreira Ao Vivo Sempre tem o orgulho de ser o propriet\u00e1rio do site especializado em orienta\u00e7\u00e3o sobre cursos, carreira e empregos, acess\u00edvel por meio do endere\u00e7o https:\/\/carreira.aovivosempre.com\/. Nossa plataforma \u00e9 reconhecida como uma fonte confi\u00e1vel de informa\u00e7\u00f5es no universo profissional. A equipe da Carreira Ao Vivo Sempre dedica-se a gerenciar este espa\u00e7o online, projetado com&hellip; <a class=\"more-link\" href=\"https:\/\/carreira.aovivosempre.com\/es\/terms\/\">Continue reading <span class=\"screen-reader-text\">Condiciones de uso<\/span><\/a><\/p>","protected":false},"author":6,"featured_media":0,"parent":0,"menu_order":0,"comment_status":"closed","ping_status":"closed","template":"","meta":{"footnotes":""},"yoast_head":"<!-- This site is optimized with the Yoast SEO plugin v23.3 - https:\/\/yoast.com\/wordpress\/plugins\/seo\/ -->\n<title>Termos de uso - Ao Vivo Sempre<\/title>\n<meta name=\"robots\" content=\"index, follow, max-snippet:-1, max-image-preview:large, max-video-preview:-1\" \/>\n<link rel=\"canonical\" href=\"https:\/\/carreira.aovivosempre.com\/es\/terms\/\" \/>\n<meta property=\"og:locale\" content=\"es_ES\" \/>\n<meta property=\"og:type\" content=\"article\" \/>\n<meta property=\"og:title\" content=\"Termos de uso - Ao Vivo Sempre\" \/>\n<meta property=\"og:description\" content=\"Carreira Ao Vivo Sempre tem o orgulho de ser o propriet\u00e1rio do site especializado em orienta\u00e7\u00e3o sobre cursos, carreira e empregos, acess\u00edvel por meio do endere\u00e7o https:\/\/carreira.aovivosempre.com\/. Nossa plataforma \u00e9 reconhecida como uma fonte confi\u00e1vel de informa\u00e7\u00f5es no universo profissional. A equipe da Carreira Ao Vivo Sempre dedica-se a gerenciar este espa\u00e7o online, projetado com&hellip; Continue reading Termos de uso\" \/>\n<meta property=\"og:url\" content=\"https:\/\/carreira.aovivosempre.com\/es\/terms\/\" \/>\n<meta property=\"og:site_name\" content=\"Ao Vivo Sempre\" \/>\n<meta property=\"article:modified_time\" content=\"2025-06-12T15:40:09+00:00\" \/>\n<meta name=\"twitter:card\" content=\"summary_large_image\" \/>\n<meta name=\"twitter:label1\" content=\"Est. reading time\" \/>\n\t<meta name=\"twitter:data1\" content=\"7 minutos\" \/>\n<script type=\"application\/ld+json\" class=\"yoast-schema-graph\">{\"@context\":\"https:\/\/schema.org\",\"@graph\":[{\"@type\":\"WebPage\",\"@id\":\"https:\/\/carreira.aovivosempre.com\/terms\/\",\"url\":\"https:\/\/carreira.aovivosempre.com\/terms\/\",\"name\":\"Termos de uso - Ao Vivo Sempre\",\"isPartOf\":{\"@id\":\"https:\/\/carreira.aovivosempre.com\/#website\"},\"datePublished\":\"2024-12-11T17:55:44+00:00\",\"dateModified\":\"2025-06-12T15:40:09+00:00\",\"breadcrumb\":{\"@id\":\"https:\/\/carreira.aovivosempre.com\/terms\/#breadcrumb\"},\"inLanguage\":\"es\",\"potentialAction\":[{\"@type\":\"ReadAction\",\"target\":[\"https:\/\/carreira.aovivosempre.com\/terms\/\"]}]},{\"@type\":\"BreadcrumbList\",\"@id\":\"https:\/\/carreira.aovivosempre.com\/terms\/#breadcrumb\",\"itemListElement\":[{\"@type\":\"ListItem\",\"position\":1,\"name\":\"Home\",\"item\":\"https:\/\/carreira.aovivosempre.com\/\"},{\"@type\":\"ListItem\",\"position\":2,\"name\":\"Termos de uso\"}]},{\"@type\":\"WebSite\",\"@id\":\"https:\/\/carreira.aovivosempre.com\/#website\",\"url\":\"https:\/\/carreira.aovivosempre.com\/\",\"name\":\"Ao Vivo Sempre\",\"description\":\"\",\"potentialAction\":[{\"@type\":\"SearchAction\",\"target\":{\"@type\":\"EntryPoint\",\"urlTemplate\":\"https:\/\/carreira.aovivosempre.com\/?s={search_term_string}\"},\"query-input\":\"required name=search_term_string\"}],\"inLanguage\":\"es\"}]}<\/script>\n<!-- \/ Yoast SEO plugin. -->","yoast_head_json":{"title":"Termos de uso - Ao Vivo Sempre","robots":{"index":"index","follow":"follow","max-snippet":"max-snippet:-1","max-image-preview":"max-image-preview:large","max-video-preview":"max-video-preview:-1"},"canonical":"https:\/\/carreira.aovivosempre.com\/es\/terms\/","og_locale":"es_ES","og_type":"article","og_title":"Termos de uso - Ao Vivo Sempre","og_description":"Carreira Ao Vivo Sempre tem o orgulho de ser o propriet\u00e1rio do site especializado em orienta\u00e7\u00e3o sobre cursos, carreira e empregos, acess\u00edvel por meio do endere\u00e7o https:\/\/carreira.aovivosempre.com\/. Nossa plataforma \u00e9 reconhecida como uma fonte confi\u00e1vel de informa\u00e7\u00f5es no universo profissional. A equipe da Carreira Ao Vivo Sempre dedica-se a gerenciar este espa\u00e7o online, projetado com&hellip; Continue reading Termos de uso","og_url":"https:\/\/carreira.aovivosempre.com\/es\/terms\/","og_site_name":"Ao Vivo Sempre","article_modified_time":"2025-06-12T15:40:09+00:00","twitter_card":"summary_large_image","twitter_misc":{"Est. reading time":"7 minutos"},"schema":{"@context":"https:\/\/schema.org","@graph":[{"@type":"WebPage","@id":"https:\/\/carreira.aovivosempre.com\/terms\/","url":"https:\/\/carreira.aovivosempre.com\/terms\/","name":"Termos de uso - Ao Vivo Sempre","isPartOf":{"@id":"https:\/\/carreira.aovivosempre.com\/#website"},"datePublished":"2024-12-11T17:55:44+00:00","dateModified":"2025-06-12T15:40:09+00:00","breadcrumb":{"@id":"https:\/\/carreira.aovivosempre.com\/terms\/#breadcrumb"},"inLanguage":"es","potentialAction":[{"@type":"ReadAction","target":["https:\/\/carreira.aovivosempre.com\/terms\/"]}]},{"@type":"BreadcrumbList","@id":"https:\/\/carreira.aovivosempre.com\/terms\/#breadcrumb","itemListElement":[{"@type":"ListItem","position":1,"name":"Home","item":"https:\/\/carreira.aovivosempre.com\/"},{"@type":"ListItem","position":2,"name":"Termos de uso"}]},{"@type":"WebSite","@id":"https:\/\/carreira.aovivosempre.com\/#website","url":"https:\/\/carreira.aovivosempre.com\/","name":"Ao Vivo Sempre","description":"","potentialAction":[{"@type":"SearchAction","target":{"@type":"EntryPoint","urlTemplate":"https:\/\/carreira.aovivosempre.com\/?s={search_term_string}"},"query-input":"required name=search_term_string"}],"inLanguage":"es"}]}},"_links":{"self":[{"href":"https:\/\/carreira.aovivosempre.com\/es\/wp-json\/wp\/v2\/pages\/205"}],"collection":[{"href":"https:\/\/carreira.aovivosempre.com\/es\/wp-json\/wp\/v2\/pages"}],"about":[{"href":"https:\/\/carreira.aovivosempre.com\/es\/wp-json\/wp\/v2\/types\/page"}],"author":[{"embeddable":true,"href":"https:\/\/carreira.aovivosempre.com\/es\/wp-json\/wp\/v2\/users\/6"}],"replies":[{"embeddable":true,"href":"https:\/\/carreira.aovivosempre.com\/es\/wp-json\/wp\/v2\/comments?post=205"}],"version-history":[{"count":2,"href":"https:\/\/carreira.aovivosempre.com\/es\/wp-json\/wp\/v2\/pages\/205\/revisions"}],"predecessor-version":[{"id":283,"href":"https:\/\/carreira.aovivosempre.com\/es\/wp-json\/wp\/v2\/pages\/205\/revisions\/283"}],"wp:attachment":[{"href":"https:\/\/carreira.aovivosempre.com\/es\/wp-json\/wp\/v2\/media?parent=205"}],"curies":[{"name":"wp","href":"https:\/\/api.w.org\/{rel}","templated":true}]}}