{"id":207,"date":"2024-12-11T18:02:17","date_gmt":"2024-12-11T18:02:17","guid":{"rendered":"https:\/\/carreira.aovivosempre.com\/?page_id=207"},"modified":"2024-12-11T18:02:19","modified_gmt":"2024-12-11T18:02:19","slug":"about","status":"publish","type":"page","link":"https:\/\/carreira.aovivosempre.com\/es\/about\/","title":{"rendered":"\u00a1Bienvenido a Career Live Always!"},"content":{"rendered":"<div class=\"mx-5 sm:mx-0 prose leading-relaxed text-lg mb-5 text-left wp-paragraph\">\n<p>\u00a1Hola! Bienvenido a Carreira Ao Vivo Sempre, el espacio donde se encuentran oportunidades, aprendizaje y crecimiento profesional. \u00bfAlguna vez te has preguntado: &quot;\u00bfCu\u00e1l es el pr\u00f3ximo paso en mi carrera?&quot; Estamos aqu\u00ed para ayudarle a encontrar esa respuesta y dar los primeros pasos hacia el \u00e9xito. Con cursos, consejos e informaci\u00f3n sobre ofertas de empleo, somos su socio en el viaje hacia una carrera satisfactoria y significativa.<\/p>\n<\/div><!--advertisement--><div class=\"mx-5 sm:mx-0 sm:text-3xl text-2xl font-medium title-font mb-4 text-gray-900 text-left\">\n<h2 class=\"wp-block-heading\"><strong>\u00bfQuienes somos?<\/strong><\/h2>\n<\/div><div class=\"mx-5 sm:mx-0 prose leading-relaxed text-lg mb-5 text-left wp-paragraph\">\n<p>Piense en nosotros como sus mentores y gu\u00edas en la construcci\u00f3n de la carrera de sus sue\u00f1os. En Carreira Ao Vivo Sempre, creemos que el conocimiento transforma vidas y que las oportunidades est\u00e1n al alcance de quienes est\u00e9n preparados para aprovecharlas. Nuestro compromiso es conectarte con herramientas pr\u00e1cticas, conocimientos relevantes e informaci\u00f3n valiosa que empodera y motiva.<\/p>\n<\/div><div class=\"mx-5 sm:mx-0 prose leading-relaxed text-lg mb-5 text-left wp-paragraph\">\n<p>Aqu\u00ed encontrar\u00e1 desde cursos que mejoran habilidades y ampl\u00edan horizontes hasta valiosos consejos para navegar con \u00e9xito en el mercado laboral. Ya sea que est\u00e9 buscando una nueva oportunidad laboral, buscando especializarse o simplemente explorando formas de crecer, estamos aqu\u00ed para apoyarlo.<\/p>\n<\/div><!--advertisement--><div class=\"mx-5 sm:mx-0 sm:text-3xl text-2xl font-medium title-font mb-4 text-gray-900 text-left\">\n<h2 class=\"wp-block-heading\"><strong>T\u00fa en el centro de todo<\/strong><\/h2>\n<\/div><div class=\"mx-5 sm:mx-0 prose leading-relaxed text-lg mb-5 text-left wp-paragraph\">\n<p>\u00bfQu\u00e9 necesitas para seguir adelante? Cualquiera que sea su punto de partida o su objetivo, sus aspiraciones nos inspiran a crear contenido que realmente importe. Queremos escuchar de ti: tus preguntas, retos y sue\u00f1os profesionales. En Carreira Ao Vivo Sempre, creemos que el camino hacia el \u00e9xito es mejor cuando se hace juntos.<\/p>\n<\/div><!--advertisement--><div class=\"mx-5 sm:mx-0 sm:text-3xl text-2xl font-medium title-font mb-4 text-gray-900 text-left\">\n<h2 class=\"wp-block-heading\"><strong>Con\u00e9ctate con nosotros<\/strong><\/h2>\n<\/div><div class=\"mx-5 sm:mx-0 prose leading-relaxed text-lg mb-5 text-left wp-paragraph\">\n<p>Sigue nuestras actualizaciones y sum\u00e9rgete en un universo de oportunidades en nuestro sitio web. \u00bfTienes alguna pregunta o idea? Ponte en contacto con nosotros a trav\u00e9s de nuestra p\u00e1gina de contacto. Juntos transformaremos los desaf\u00edos en logros y haremos de tu carrera un reflejo de tus sue\u00f1os.<\/p>\n<\/div>","protected":false},"excerpt":{"rendered":"<p>Ol\u00e1! Bem-vindo ao Carreira Ao Vivo Sempre, o espa\u00e7o onde oportunidades, aprendizado e crescimento profissional se encontram. J\u00e1 se perguntou: &#8220;Qual \u00e9 o pr\u00f3ximo passo para minha carreira?&#8221; Estamos aqui para ajudar voc\u00ea a encontrar essa resposta e dar os primeiros passos em dire\u00e7\u00e3o ao sucesso. Com cursos, dicas e informa\u00e7\u00f5es sobre vagas de emprego,&hellip; <a class=\"more-link\" href=\"https:\/\/carreira.aovivosempre.com\/es\/about\/\">Continue reading <span class=\"screen-reader-text\">\u00a1Bienvenido a Career Live Always!<\/span><\/a><\/p>","protected":false},"author":6,"featured_media":0,"parent":0,"menu_order":0,"comment_status":"closed","ping_status":"closed","template":"","meta":{"footnotes":""},"yoast_head":"<!-- This site is optimized with the Yoast SEO plugin v23.3 - https:\/\/yoast.com\/wordpress\/plugins\/seo\/ -->\n<title>Bem-vindo ao Carreira Ao Vivo Sempre! - Ao Vivo Sempre<\/title>\n<meta name=\"robots\" content=\"index, follow, max-snippet:-1, max-image-preview:large, max-video-preview:-1\" \/>\n<link rel=\"canonical\" href=\"https:\/\/carreira.aovivosempre.com\/es\/about\/\" \/>\n<meta property=\"og:locale\" content=\"es_ES\" \/>\n<meta property=\"og:type\" content=\"article\" \/>\n<meta property=\"og:title\" content=\"Bem-vindo ao Carreira Ao Vivo Sempre! - Ao Vivo Sempre\" \/>\n<meta property=\"og:description\" content=\"Ol\u00e1! Bem-vindo ao Carreira Ao Vivo Sempre, o espa\u00e7o onde oportunidades, aprendizado e crescimento profissional se encontram. J\u00e1 se perguntou: &#8220;Qual \u00e9 o pr\u00f3ximo passo para minha carreira?&#8221; Estamos aqui para ajudar voc\u00ea a encontrar essa resposta e dar os primeiros passos em dire\u00e7\u00e3o ao sucesso. Com cursos, dicas e informa\u00e7\u00f5es sobre vagas de emprego,&hellip; Continue reading Bem-vindo ao Carreira Ao Vivo Sempre!\" \/>\n<meta property=\"og:url\" content=\"https:\/\/carreira.aovivosempre.com\/es\/about\/\" \/>\n<meta property=\"og:site_name\" content=\"Ao Vivo Sempre\" \/>\n<meta property=\"article:modified_time\" content=\"2024-12-11T18:02:19+00:00\" \/>\n<meta name=\"twitter:card\" content=\"summary_large_image\" \/>\n<meta name=\"twitter:label1\" content=\"Est. reading time\" \/>\n\t<meta name=\"twitter:data1\" content=\"2 minutos\" \/>\n<script type=\"application\/ld+json\" class=\"yoast-schema-graph\">{\"@context\":\"https:\/\/schema.org\",\"@graph\":[{\"@type\":\"WebPage\",\"@id\":\"https:\/\/carreira.aovivosempre.com\/about\/\",\"url\":\"https:\/\/carreira.aovivosempre.com\/about\/\",\"name\":\"Bem-vindo ao Carreira Ao Vivo Sempre! - Ao Vivo Sempre\",\"isPartOf\":{\"@id\":\"https:\/\/carreira.aovivosempre.com\/#website\"},\"datePublished\":\"2024-12-11T18:02:17+00:00\",\"dateModified\":\"2024-12-11T18:02:19+00:00\",\"breadcrumb\":{\"@id\":\"https:\/\/carreira.aovivosempre.com\/about\/#breadcrumb\"},\"inLanguage\":\"es\",\"potentialAction\":[{\"@type\":\"ReadAction\",\"target\":[\"https:\/\/carreira.aovivosempre.com\/about\/\"]}]},{\"@type\":\"BreadcrumbList\",\"@id\":\"https:\/\/carreira.aovivosempre.com\/about\/#breadcrumb\",\"itemListElement\":[{\"@type\":\"ListItem\",\"position\":1,\"name\":\"Home\",\"item\":\"https:\/\/carreira.aovivosempre.com\/\"},{\"@type\":\"ListItem\",\"position\":2,\"name\":\"Bem-vindo ao Carreira Ao Vivo Sempre!\"}]},{\"@type\":\"WebSite\",\"@id\":\"https:\/\/carreira.aovivosempre.com\/#website\",\"url\":\"https:\/\/carreira.aovivosempre.com\/\",\"name\":\"Ao Vivo Sempre\",\"description\":\"\",\"potentialAction\":[{\"@type\":\"SearchAction\",\"target\":{\"@type\":\"EntryPoint\",\"urlTemplate\":\"https:\/\/carreira.aovivosempre.com\/?s={search_term_string}\"},\"query-input\":\"required name=search_term_string\"}],\"inLanguage\":\"es\"}]}<\/script>\n<!-- \/ Yoast SEO plugin. -->","yoast_head_json":{"title":"Bem-vindo ao Carreira Ao Vivo Sempre! - Ao Vivo Sempre","robots":{"index":"index","follow":"follow","max-snippet":"max-snippet:-1","max-image-preview":"max-image-preview:large","max-video-preview":"max-video-preview:-1"},"canonical":"https:\/\/carreira.aovivosempre.com\/es\/about\/","og_locale":"es_ES","og_type":"article","og_title":"Bem-vindo ao Carreira Ao Vivo Sempre! - Ao Vivo Sempre","og_description":"Ol\u00e1! Bem-vindo ao Carreira Ao Vivo Sempre, o espa\u00e7o onde oportunidades, aprendizado e crescimento profissional se encontram. J\u00e1 se perguntou: &#8220;Qual \u00e9 o pr\u00f3ximo passo para minha carreira?&#8221; Estamos aqui para ajudar voc\u00ea a encontrar essa resposta e dar os primeiros passos em dire\u00e7\u00e3o ao sucesso. Com cursos, dicas e informa\u00e7\u00f5es sobre vagas de emprego,&hellip; Continue reading Bem-vindo ao Carreira Ao Vivo Sempre!","og_url":"https:\/\/carreira.aovivosempre.com\/es\/about\/","og_site_name":"Ao Vivo Sempre","article_modified_time":"2024-12-11T18:02:19+00:00","twitter_card":"summary_large_image","twitter_misc":{"Est. reading time":"2 minutos"},"schema":{"@context":"https:\/\/schema.org","@graph":[{"@type":"WebPage","@id":"https:\/\/carreira.aovivosempre.com\/about\/","url":"https:\/\/carreira.aovivosempre.com\/about\/","name":"Bem-vindo ao Carreira Ao Vivo Sempre! - Ao Vivo Sempre","isPartOf":{"@id":"https:\/\/carreira.aovivosempre.com\/#website"},"datePublished":"2024-12-11T18:02:17+00:00","dateModified":"2024-12-11T18:02:19+00:00","breadcrumb":{"@id":"https:\/\/carreira.aovivosempre.com\/about\/#breadcrumb"},"inLanguage":"es","potentialAction":[{"@type":"ReadAction","target":["https:\/\/carreira.aovivosempre.com\/about\/"]}]},{"@type":"BreadcrumbList","@id":"https:\/\/carreira.aovivosempre.com\/about\/#breadcrumb","itemListElement":[{"@type":"ListItem","position":1,"name":"Home","item":"https:\/\/carreira.aovivosempre.com\/"},{"@type":"ListItem","position":2,"name":"Bem-vindo ao Carreira Ao Vivo Sempre!"}]},{"@type":"WebSite","@id":"https:\/\/carreira.aovivosempre.com\/#website","url":"https:\/\/carreira.aovivosempre.com\/","name":"Ao Vivo Sempre","description":"","potentialAction":[{"@type":"SearchAction","target":{"@type":"EntryPoint","urlTemplate":"https:\/\/carreira.aovivosempre.com\/?s={search_term_string}"},"query-input":"required name=search_term_string"}],"inLanguage":"es"}]}},"_links":{"self":[{"href":"https:\/\/carreira.aovivosempre.com\/es\/wp-json\/wp\/v2\/pages\/207"}],"collection":[{"href":"https:\/\/carreira.aovivosempre.com\/es\/wp-json\/wp\/v2\/pages"}],"about":[{"href":"https:\/\/carreira.aovivosempre.com\/es\/wp-json\/wp\/v2\/types\/page"}],"author":[{"embeddable":true,"href":"https:\/\/carreira.aovivosempre.com\/es\/wp-json\/wp\/v2\/users\/6"}],"replies":[{"embeddable":true,"href":"https:\/\/carreira.aovivosempre.com\/es\/wp-json\/wp\/v2\/comments?post=207"}],"version-history":[{"count":1,"href":"https:\/\/carreira.aovivosempre.com\/es\/wp-json\/wp\/v2\/pages\/207\/revisions"}],"predecessor-version":[{"id":208,"href":"https:\/\/carreira.aovivosempre.com\/es\/wp-json\/wp\/v2\/pages\/207\/revisions\/208"}],"wp:attachment":[{"href":"https:\/\/carreira.aovivosempre.com\/es\/wp-json\/wp\/v2\/media?parent=207"}],"curies":[{"name":"wp","href":"https:\/\/api.w.org\/{rel}","templated":true}]}}